{"id":587,"date":"2016-08-26T08:50:48","date_gmt":"2016-08-26T08:50:48","guid":{"rendered":"http:\/\/lindagasser.ch\/?page_id=587"},"modified":"2016-11-25T15:56:26","modified_gmt":"2016-11-25T15:56:26","slug":"emergency-zuerich","status":"publish","type":"page","link":"https:\/\/lindagasser.ch\/en\/emergency\/emergency-zuerich\/","title":{"rendered":"Emergency Z\u00fcrich"},"content":{"rendered":"<div id=\"pl-587\"  class=\"panel-layout\" ><div id=\"pg-587-0\"  class=\"panel-grid panel-no-style\" ><div id=\"pgc-587-0-0\"  class=\"panel-grid-cell\" ><div id=\"panel-587-0-0-0\" class=\"so-panel widget widget_nav_menu panel-first-child panel-last-child\" data-index=\"0\" ><div class=\"menu-emergency-container\"><ul id=\"menu-emergency\" class=\"menu\"><li id=\"menu-item-593\" class=\"menu-item menu-item-type-post_type menu-item-object-page menu-item-593\"><a href=\"https:\/\/lindagasser.ch\/en\/emergency\/\">Emergency<\/a><\/li>\n<li id=\"menu-item-596\" class=\"menu-item menu-item-type-post_type menu-item-object-page menu-item-596\"><a href=\"https:\/\/lindagasser.ch\/en\/emergency\/emergency-zuerich\/\">Emergency Z\u00fcrich<\/a><\/li>\n<li id=\"menu-item-595\" class=\"menu-item menu-item-type-post_type menu-item-object-page menu-item-595\"><a href=\"https:\/\/lindagasser.ch\/en\/emergency\/clinics-zuerich\/\">Clinics Z\u00fcrich<\/a><\/li>\n<li id=\"menu-item-594\" class=\"menu-item menu-item-type-post_type menu-item-object-page menu-item-594\"><a href=\"https:\/\/lindagasser.ch\/en\/emergency\/clinics-switzerland\/\">Clinics Switzerland<\/a><\/li>\n<\/ul><\/div><\/div><\/div><div id=\"pgc-587-0-1\"  class=\"panel-grid-cell\" ><div id=\"panel-587-0-1-0\" class=\"so-panel widget widget_sow-editor panel-first-child panel-last-child\" data-index=\"1\" ><div\n\t\t\t\n\t\t\tclass=\"so-widget-sow-editor so-widget-sow-editor-base\"\n\t\t\t\n\t\t>\n<div class=\"siteorigin-widget-tinymce textwidget\">\n\t<div id=\"main\">\n<div id=\"mainContent\">\n<p>\u00a0<\/p>\n<div id=\"main\">\n<div id=\"mainContent\">\n<p><a href=\"http:\/\/www.aerztefon.ch\/\">\u00c4rztefon: Notfallpsychiater Stadt Z\u00fcrich<\/a><br \/><strong>044 421 21 21<\/strong><br \/>24\/7 emergency service<\/p>\n<p><a href=\"http:\/\/www.pukzh.ch\/unsere-angebote\/erwachsenenpsychiatrie\/angebote\/stationaere-angebote\/krisenintervention\/\">Kriseninterventionszentrum (KIZ) Z\u00fcrich<\/a><br \/><strong>044 296 73 10<\/strong><br \/>Advice and support in exceptional life situations.<br \/>Outpatient and short-term crisis intervention<\/p>\n<p><a href=\"http:\/\/www.psychiatrie.usz.ch\/fachwissen\/seiten\/24-stunden-notfalldienst.aspx\">Notfallaufnahme Universit\u00e4tsspital Z\u00fcrich USZ<\/a><br \/><strong>044 255 21 11<\/strong><br \/>24h psychiatrist | Emergency medicine<\/p>\n<p><a href=\"http:\/\/www.permanence.ch\/en\/\">Permanence Z\u00fcrich<\/a><br \/><strong>044 215 44 44<\/strong><br \/>Open daily from 07.00 - 22.00<\/p>\n<p><a href=\"http:\/\/www.medix-notfallpraxis.ch\/\">MediX Notfallpraxis Z\u00fcrich<\/a><br \/><strong>044 298 50 50<\/strong><br \/>Emergency consultations daily from 07.00 - 21.00, on Sundays from 08.00 - 18.00\u00a0<\/p>\n<p><a href=\"http:\/\/www.ipw.zh.ch\/internet\/gesundheitsdirektion\/ipw\/de\/angebote_fachbereiche\/erwachsenenpsychiatrieuebersicht\/kiz_winterthur.html\">Kriseninterventionszentrum (KIZ) Winterthur-Z\u00fcrcher Unterland<\/a><br \/><strong>052 224 37 00<\/strong><br \/>Outpatient and short-term crisis intervention in the Winterthur area<\/p>\n<p><a href=\"http:\/\/www.permanence-winterthur.ch\/\">Permanence Winterthur<\/a><br \/><strong>052 267 01 01<\/strong><br \/>Open daily from\u00a007.00 - 22.00<\/p>\n<\/div>\n<\/div>\n<div id=\"mainFooter\">\u00a0<\/div>\n<\/div>\n<\/div>\n<div id=\"mainFooter\">\u00a0<\/div>\n<\/div>\n<\/div><\/div><\/div><\/div><\/div>","protected":false},"excerpt":{"rendered":"<p>\u00a0\u00c4rztefon: Notfallpsychiater Stadt Z\u00fcrich044 421 21 2124\/7 emergency serviceKriseninterventionszentrum (KIZ) Z\u00fcrich044 296 73 10Advice and support in exceptional life situations.Outpatient and short-term crisis interventionNotfallaufnahme Universit\u00e4tsspital Z\u00fcrich USZ044 255 21 1124h psychiatrist | Emergency medicinePermanence Z\u00fcrich044 215 44 44Open daily from 07.00 &#8211; 22.00MediX Notfallpraxis Z\u00fcrich044 298 50 50Emergency consultations daily from 07.00 &#8211; 21.00, on &hellip;<\/p>\n","protected":false},"author":2,"featured_media":0,"parent":520,"menu_order":0,"comment_status":"closed","ping_status":"closed","template":"","meta":{"footnotes":""},"_links":{"self":[{"href":"https:\/\/lindagasser.ch\/en\/wp-json\/wp\/v2\/pages\/587"}],"collection":[{"href":"https:\/\/lindagasser.ch\/en\/wp-json\/wp\/v2\/pages"}],"about":[{"href":"https:\/\/lindagasser.ch\/en\/wp-json\/wp\/v2\/types\/page"}],"author":[{"embeddable":true,"href":"https:\/\/lindagasser.ch\/en\/wp-json\/wp\/v2\/users\/2"}],"replies":[{"embeddable":true,"href":"https:\/\/lindagasser.ch\/en\/wp-json\/wp\/v2\/comments?post=587"}],"version-history":[{"count":6,"href":"https:\/\/lindagasser.ch\/en\/wp-json\/wp\/v2\/pages\/587\/revisions"}],"predecessor-version":[{"id":974,"href":"https:\/\/lindagasser.ch\/en\/wp-json\/wp\/v2\/pages\/587\/revisions\/974"}],"up":[{"embeddable":true,"href":"https:\/\/lindagasser.ch\/en\/wp-json\/wp\/v2\/pages\/520"}],"wp:attachment":[{"href":"https:\/\/lindagasser.ch\/en\/wp-json\/wp\/v2\/media?parent=587"}],"curies":[{"name":"wp","href":"https:\/\/api.w.org\/{rel}","templated":true}]}}