{"id":589,"date":"2016-08-26T08:52:06","date_gmt":"2016-08-26T08:52:06","guid":{"rendered":"http:\/\/lindagasser.ch\/?page_id=589"},"modified":"2016-10-23T03:45:13","modified_gmt":"2016-10-23T03:45:13","slug":"clinics-zuerich","status":"publish","type":"page","link":"https:\/\/lindagasser.ch\/en\/emergency\/clinics-zuerich\/","title":{"rendered":"Clinics Z\u00fcrich"},"content":{"rendered":"<div id=\"pl-589\"  class=\"panel-layout\" ><div id=\"pg-589-0\"  class=\"panel-grid panel-no-style\" ><div id=\"pgc-589-0-0\"  class=\"panel-grid-cell\" ><div id=\"panel-589-0-0-0\" class=\"so-panel widget widget_nav_menu panel-first-child panel-last-child\" data-index=\"0\" ><div class=\"menu-emergency-container\"><ul id=\"menu-emergency\" class=\"menu\"><li id=\"menu-item-593\" class=\"menu-item menu-item-type-post_type menu-item-object-page menu-item-593\"><a href=\"https:\/\/lindagasser.ch\/en\/emergency\/\">Emergency<\/a><\/li>\n<li id=\"menu-item-596\" class=\"menu-item menu-item-type-post_type menu-item-object-page menu-item-596\"><a href=\"https:\/\/lindagasser.ch\/en\/emergency\/emergency-zuerich\/\">Emergency Z\u00fcrich<\/a><\/li>\n<li id=\"menu-item-595\" class=\"menu-item menu-item-type-post_type menu-item-object-page menu-item-595\"><a href=\"https:\/\/lindagasser.ch\/en\/emergency\/clinics-zuerich\/\">Clinics Z\u00fcrich<\/a><\/li>\n<li id=\"menu-item-594\" class=\"menu-item menu-item-type-post_type menu-item-object-page menu-item-594\"><a href=\"https:\/\/lindagasser.ch\/en\/emergency\/clinics-switzerland\/\">Clinics Switzerland<\/a><\/li>\n<\/ul><\/div><\/div><\/div><div id=\"pgc-589-0-1\"  class=\"panel-grid-cell\" ><div id=\"panel-589-0-1-0\" class=\"so-panel widget widget_sow-editor panel-first-child panel-last-child\" data-index=\"1\" ><div\n\t\t\t\n\t\t\tclass=\"so-widget-sow-editor so-widget-sow-editor-base\"\n\t\t\t\n\t\t>\n<div class=\"siteorigin-widget-tinymce textwidget\">\n\t<p><a href=\"http:\/\/www.pukzh.ch\/\">Psychiatrische Universit\u00e4tsklinik PUK Z\u00fcrich<\/a><br \/>044 384 21 11<\/p>\n<p><a href=\"http:\/\/www.ipw.zh.ch\/internet\/gesundheitsdirektion\/ipw\/de\/home.html\">Integrierte Psychiatrie\u00a0Winterthur - Z\u00fcrcher Unterland<\/a><br \/>052 224 33 33<\/p>\n<p><a href=\"http:\/\/www.sanatorium-kilchberg.ch\/?lang=en\">Sanatorium Kilchberg<\/a><br \/>044 716 42 42<\/p>\n<p><a href=\"http:\/\/www.clienia.ch\/locations\/clienia-private-clinic-schloessli\/brief-overview\/\">Psychiatrische Klinik Clienia Schl\u00f6ssli in Oetwil am See<\/a><br \/>044 929 81 11<\/p>\n<p><a href=\"http:\/\/www.clienia.ch\/locations\/psychiatric-center-maennedorf\/brief-overview\/\">Psychiatriezentrum M\u00e4nnedorf<\/a><br \/>043 843 32 00<\/p>\n<p><a href=\"http:\/\/www.pukzh.ch\/standorte\/?locationId=07956ecd-155d-0010-0152-012983939def\">Psychiatriezentrum Rheinau<\/a><br \/>052 304 93 14<\/p>\n<p><a href=\"http:\/\/www.hohenegg.ch\/site\/index__gast-d-1918-23-2167.html\">Privatklinik Hohenegg<\/a><br \/>044 925 15 00<\/p>\n<\/div>\n<\/div><\/div><\/div><\/div><\/div>","protected":false},"excerpt":{"rendered":"<p>Psychiatrische Universit\u00e4tsklinik PUK Z\u00fcrich044 384 21 11Integrierte Psychiatrie\u00a0Winterthur &#8211; Z\u00fcrcher Unterland052 224 33 33Sanatorium Kilchberg044 716 42 42Psychiatrische Klinik Clienia Schl\u00f6ssli in Oetwil am See044 929 81 11Psychiatriezentrum M\u00e4nnedorf043 843 32 00Psychiatriezentrum Rheinau052 304 93 14Privatklinik Hohenegg044 925 15 00<\/p>\n","protected":false},"author":2,"featured_media":0,"parent":520,"menu_order":0,"comment_status":"closed","ping_status":"closed","template":"","meta":{"footnotes":""},"_links":{"self":[{"href":"https:\/\/lindagasser.ch\/en\/wp-json\/wp\/v2\/pages\/589"}],"collection":[{"href":"https:\/\/lindagasser.ch\/en\/wp-json\/wp\/v2\/pages"}],"about":[{"href":"https:\/\/lindagasser.ch\/en\/wp-json\/wp\/v2\/types\/page"}],"author":[{"embeddable":true,"href":"https:\/\/lindagasser.ch\/en\/wp-json\/wp\/v2\/users\/2"}],"replies":[{"embeddable":true,"href":"https:\/\/lindagasser.ch\/en\/wp-json\/wp\/v2\/comments?post=589"}],"version-history":[{"count":5,"href":"https:\/\/lindagasser.ch\/en\/wp-json\/wp\/v2\/pages\/589\/revisions"}],"predecessor-version":[{"id":965,"href":"https:\/\/lindagasser.ch\/en\/wp-json\/wp\/v2\/pages\/589\/revisions\/965"}],"up":[{"embeddable":true,"href":"https:\/\/lindagasser.ch\/en\/wp-json\/wp\/v2\/pages\/520"}],"wp:attachment":[{"href":"https:\/\/lindagasser.ch\/en\/wp-json\/wp\/v2\/media?parent=589"}],"curies":[{"name":"wp","href":"https:\/\/api.w.org\/{rel}","templated":true}]}}